{"id":5,"date":"2023-02-01T18:22:42","date_gmt":"2023-02-01T18:22:42","guid":{"rendered":"https:\/\/olasoft.com.br\/site\/mesmerize\/"},"modified":"2024-11-15T23:04:57","modified_gmt":"2024-11-16T02:04:57","slug":"mesmerize","status":"publish","type":"page","link":"https:\/\/olasoft.com.br\/site\/","title":{"rendered":"Front Page"},"content":{"rendered":"<div  id=\"overlappable-4\" style=\"background-color: #ffffff;\" data-label=\"Overlappable\" data-id=\"overlappable-4\" data-export-id=\"overlappable-4\" data-category=\"overlappable\" class=\"overlappable-4 content-section content-section-spacing\" data-overlap=\"true\"><div  class=\"gridContainer\"> <div  data-type=\"row\" class=\"row spaced-cols text-center\"><div  class=\"col-xs-12 col-sm-4 col-padding\"> <i  class=\"fa icon shadow-large-black aligncenter color1 fa-dollar reverse round large\"><\/i> <div  data-type=\"column\" class=\"\"> <h5  class=\"\">BAAS &amp; CAAS<\/h5> <p  class=\"\">Nossa tecnologia de Banking as a Service e Credit as a Service vai fazer de sua empresa uma fintech de sucesso oferecendo diversos servi\u00e7os banc\u00e1rios, como: Contas digitais, cart\u00e3o de cr\u00e9dito e maquininhas de cart\u00e3o.<\/p><\/div> <\/div> <div  class=\"col-xs-12 col-sm-4 col-padding\"> <i  class=\"fa icon shadow-large-black aligncenter color1 fa-shopping-cart reverse round large\"><\/i> <div  data-type=\"column\" class=\"\"><h5  class=\"\">DELIVERY E FIDELIDADE<\/h5> <p  class=\"\">Reduza custos com plataformas de delivery coletivo. Criamos seu proprio aplicativo de delivery para seu neg\u00f3cio com programa de fidelidade e pontos. Venda com PIX e cart\u00e3o de cr\u00e9dito diretamente de seu aplicativo.<\/p><\/div> <\/div> <div  class=\"col-xs-12 col-sm-4 col-padding\"> <i  class=\"fa icon shadow-large-black aligncenter color1 fa-cogs reverse round large\"><\/i> <div  data-type=\"column\" class=\"\"><h5  class=\"\">AUTOMA\u00c7\u00c3O DE SISTEMAS IOT<\/h5> <p  class=\"\">Somos especializados em sistemas de internet das coisas. Traga seu projeto para nossa equipe desenvolver. Aqui seu or\u00e7amento \u00e9 sob medida.&nbsp;<\/p><\/div> <\/div><\/div> <\/div><\/div><div  id=\"about-1\" style=\"background-color: #f5fafd;\" data-label=\"About\" data-id=\"about-1\" data-export-id=\"about-1\" data-category=\"about\" class=\"about-1 content-section\"><div  class=\"gridContainer\"> <div  class=\"row text-center\"><div  class=\"section-title-col\" data-type=\"column\"> <h5  class=\"\">PREPARE SUA EMPRESA PARA \u201cIOT E METAVERSO\u201d<\/h5> <h2  class=\"\">solu\u00e7\u00f5es em&nbsp;<span  href=\"#\" style=\"font-weight: 700; font-family: Playfair Display,sans-serif; font-style: italic;\">aplicativos e websites mobile<\/span>&nbsp;para sua empresa<\/h2> <p  class=\"lead\">N\u00e3o h\u00e1 nada t\u00e3o \u00fatil do que executar com efici\u00eancia tarefas que \n<br >nem deveriam ser feitas \u2013 Peter F. Drucker<\/p><\/div> <\/div> <div  class=\"row\"> <div  class=\"button-holder space-bottom space-bottom-small\" data-type=\"column\"> <a  class=\"button color1\" href=\"mailto:comercial.24@olasoft.com.br?subject=Quero%20or%C3%A7amento&amp;body=Ola%20preciso%20fazer%20cota%C3%A7%C3%A3o%20para%20minha%20empresa%20site%20e%20aplicativo%20de%20BasS%20e%20Criptoativos..\" target=\"_self\" data-cp-link=\"1\" rel=\"noopener\">QUERO UMA PROPOSTA<\/a><\/div> <div  class=\"col-xs bottom-xs flexbox image-group-bottom-3-img space-bottom-xs center-xs\"> <img  decoding=\"async\" class=\"left-img shadow-large-black\" data-size=\"500x300\" src=\"https:\/\/olasoft.com.br\/site\/wp-content\/uploads\/2023\/02\/cropped-Depositphotos_552497538_XL-scaled-1.jpg\" title=\"African american company manager or freelancer working in the office. Attractive confident smart curly haired woman, sitting in front of a laptop, making notes in a notebook, listens webinar, smiling\" alt=\"\"> <img  decoding=\"async\" class=\"center-img shadow-large-black\" data-size=\"500x300\" src=\"https:\/\/olasoft.com.br\/site\/wp-content\/uploads\/2023\/02\/cropped-Depositphotos_247350570_XL-scaled-1.jpg\" title=\"Positive nice people looking at the tablet\" alt=\"\"> <img  decoding=\"async\" class=\"right-img shadow-large-black\" data-size=\"500x300\" src=\"https:\/\/olasoft.com.br\/site\/wp-content\/plugins\/mesmerize-companion\/theme-data\/mesmerize\/sections\/images\/laptop-2559795.jpg\"><\/div> <\/div><\/div> <\/div><div  id=\"features-3\" style=\"background-color: #ffffff;\" data-label=\"Features\" data-id=\"features-12-card-bordered\" data-export-id=\"features-12-card-bordered\" data-category=\"features\" class=\"features-12-card-bordered content-section content-section-spacing \"><div  class=\"gridContainer\"> <div  class=\"row text-center\"><div  class=\"section-title-col\" data-type=\"column\"> <h2  class=\"\">Uma soft house sempre pronta<\/h2> <p  class=\"lead\">Nossa equipe trabalha com a implementa\u00e7\u00e3o de solu\u00e7\u00f5es de grande complexidade e desenvolve sistemas customizados sob medida para cada tipo de projeto.<\/p><\/div> <\/div> <div  class=\"row spaced-cols\" data-type=\"row\"> <div  class=\"col-sm-6\"> <div  class=\"card row-card bordered y-move\"> <div  class=\"row\"> <div  class=\"col-sm-fit icon-column\"> <i  class=\"fa icon color2 fa-dollar bordered round\"><\/i> <\/div> <div  class=\"col-sm\" data-type=\"column\"> <h5  class=\"color2\">BAAS e CAAS<\/h5> <p  class=\"\">Nossa tecnologia de Banking as a Service e Credit as a Service vai fazer de sua empresa uma fintech de sucesso oferecendo diversos servi\u00e7os banc\u00e1rios, como: Contas digitais, cart\u00e3o de cr\u00e9dito e maquininhas de cart\u00e3o.<\/p><\/div> <\/div><\/div> <\/div> <div  class=\"col-sm-6\"> <div  class=\"card row-card bordered y-move\"> <div  class=\"row\"> <div  class=\"col-sm-fit icon-column\"> <i  class=\"fa icon color2 fa-shopping-bag bordered round\"><\/i> <\/div> <div  class=\"col-sm\" data-type=\"column\"> <h5  class=\"color2\">DELIVERY E FIDELIDADE<\/h5> <p  class=\"\">Reduza custos com plataformas de delivery coletivo. Criamos seu proprio aplicativo de delivery para seu neg\u00f3cio com programa de fidelidade e pontos. Venda com PIX e cart\u00e3o de cr\u00e9dito diretamente de seu aplicativo.<\/p><\/div> <\/div><\/div> <\/div> <div  class=\"col-sm-6\"> <div  class=\"card row-card bordered y-move\"> <div  class=\"row\"> <div  class=\"col-sm-fit icon-column\"> <i  class=\"fa icon color2 fa-connectdevelop bordered round\"><\/i> <\/div> <div  class=\"col-sm\" data-type=\"column\"> <h5  class=\"color2\">AUTOMA\u00c7\u00c3O DE SISTEMAS<\/h5> <p  class=\"\">Somos especializados em sistemas de internet das coisas. Traga seu projeto para nossa equipe desenvolver. Aqui seu or\u00e7amento \u00e9 sob medida. <\/p><\/div> <\/div><\/div> <\/div> <div  class=\"col-sm-6\"> <div  class=\"card row-card bordered y-move\"> <div  class=\"row\"> <div  class=\"col-sm-fit icon-column\"> <i  class=\"fa icon fa-database round bordered color2\"><\/i> <\/div> <div  class=\"col-sm\" data-type=\"column\"> <h5  class=\"color2\">BACKUP E SERVIDORES EM NUVENS<\/h5> <p  class=\"\">Com o Cloud Backup sua empresa ter\u00e1 sempre uma replica\u00e7\u00e3o dos dados em um local seguro.<br ><br >Mesmo que ocorra algum desastre ou sabotagem com seus Dados, voc\u00ea poder\u00e1 recuperar os arquivos de sua empresa em nossa nuvem.<\/p><\/div> <\/div><\/div> <\/div><\/div> <\/div><\/div><div  id=\"fintechs\" style=\"background-color: #f5fafd;\" data-label=\"Fintechs\" data-id=\"content-2\" data-export-id=\"content-2\" data-category=\"content\" class=\"content-2 content-section content-section-spacing\"><div > <div  class=\"row middle-xs\"><div  class=\"col-sm-5 bg-image shadow-large-black\" data-bg=\"image\" style=\"background-image: url(&quot;https:\/\/olasoft.com.br\/site\/wp-content\/uploads\/2023\/02\/Depositphotos_218575980_XL-scaled.jpg&quot;);\"><\/div> <div  class=\"col-sm-7 full-col-left-padding full-col-right-padding\"> <div  class=\"row\"> <div  data-type=\"column\" class=\"space-bottom-small content-title-col\"> <h5  class=\"\">FINTECHS<\/h5> <h2  class=\"\">O que \u00e9 uma Fintech?<\/h2> <p  class=\"\">O termo fintech surgiu da combina\u00e7\u00e3o das palavras em ingl\u00eas financial (finan\u00e7as) e technology (tecnologia). Fintech \u00e9 toda empresa que oferece servi\u00e7os financeiros que se diferenciam pelas facilidades proporcionadas pela tecnologia e utilizando a internet.<\/p><\/div> <\/div> <div  class=\"row spaced-cols \" data-type=\"row\"> <div  class=\"col-xs-6\" data-type=\"column\"> <h5  class=\"\">BAAS (Banco Digital)<\/h5> <p  class=\"\">Oferece servi\u00e7os financeiros do tipo banco digital: saques, pagamento de contas, recargas, ted, pix, cr\u00e9dito e empr\u00e9stimos entre outros.<\/p><\/div> <div  class=\"col-xs-6\" data-type=\"column\"><h5  class=\"\">CRIPTOMOEDAS<\/h5> <p  class=\"\">Se utiliza da tecnologia de blockchain e da criptografia para assegurar a validade das transa\u00e7\u00f5es e a cria\u00e7\u00e3o de novas unidades da moeda.<\/p><\/div> <div  class=\"col-xs-6\" data-type=\"column\"><h5  class=\"\">CART\u00c3O DE CR\u00c9DITO<\/h5> <p  class=\"\">Especializada em oferecer cart\u00f5es de cr\u00e9dito aos seus clientes utilizando capital pr\u00f3prio ou de funding.<\/p><\/div> <div  class=\"col-xs-6\" data-type=\"column\"><h5  class=\"\">MAQUINAS DE CART\u00c3O<\/h5> <p  class=\"\">Fintechs de adquirencia oferecem maquininhas de cart\u00e3o e links de pagamento por pix e boleto.<\/p><\/div> <\/div><\/div> <\/div><\/div> <\/div><div  id=\"cta-1\" data-label=\"Cta\" data-id=\"cta-blue-section\" data-export-id=\"cta-blue-section\" data-category=\"cta\" class=\"cta-blue-section content-section content-section-spacing-medium bg-color1 white-text\"><div  class=\"gridContainer\"> <div  class=\"row middle-xs\"><div  class=\"col-sm-8 space-bottom-xs\" data-type=\"column\"> <h2  class=\"\">Seja uma Fintech! <span  class=\"font-300\">Ofere\u00e7a servi\u00e7os financeiros muito lucrativos<\/span><\/h2> <\/div> <div  class=\"col-sm-4 end-sm\" data-type=\"column\"> <a  class=\"button color2\" href=\"mailto:comercial.24@olasoft.com.br?subject=Quero%20or%C3%A7amento&amp;body=Ola%20preciso%20fazer%20cota%C3%A7%C3%A3o%20para%20minha%20empresa%20site%20e%20aplicativo%20de%20BasS%20e%20Criptoativos..\" target=\"_self\" data-cp-link=\"1\" rel=\"noopener\">QUERO COME\u00c7AR HOJE<\/a><\/div> <\/div><\/div> <\/div><div  id=\"latest-news-1\" style=\"background-color: #f5fafd;\" data-label=\"Latest-news\" data-id=\"blog-section\" data-export-id=\"blog-section\" data-category=\"latest_news\" class=\"blog-section blog-section-standard content-section content-section-spacing\"><div  class=\"gridContainer\"> <div  class=\"row\"><div  data-type=\"column\" class=\"section-title-col\"> <h2  class=\"\">OL\u00c1 NEWS<\/h2> <p  class=\"lead\">Novidades, dicas e informa\u00e7\u00f5es sobre&nbsp; a Ol\u00e1 Soft e o mundo tecnol\u00f3gico.<\/p><\/div> <\/div> <div  class=\"row\"> <div  data-type=\"row\" data-dynamic-columns=\"handled\" data-content-shortcode=\"mesmerize_latest_news\">\t\t<div class=\"row center-sm content-left-sm\">\n\t\t\t\t\t<div id=\"post-179\" class=\"col-sm-6 col-md-4 space-bottom space-bottom-xs\">\n\t\t\t\t<div class=\"post-content card y-move bordered\">\n\t\t\t\t\t<div class=\"post-thumbnail\">\n   <a href=\"https:\/\/olasoft.com.br\/site\/drex-saiba-tudo-sobre-a-moeda-digital-nacional\/\" class=\"post-list-item-thumb \">\n      <img loading=\"lazy\" decoding=\"async\" width=\"1024\" height=\"576\" src=\"https:\/\/olasoft.com.br\/site\/wp-content\/uploads\/2023\/10\/drex-real-digital-1024x576.jpg\" class=\"attachment-post-thumbnail size-post-thumbnail wp-post-image\" alt=\"\" srcset=\"https:\/\/olasoft.com.br\/site\/wp-content\/uploads\/2023\/10\/drex-real-digital-1024x576.jpg 1024w, https:\/\/olasoft.com.br\/site\/wp-content\/uploads\/2023\/10\/drex-real-digital-300x169.jpg 300w, https:\/\/olasoft.com.br\/site\/wp-content\/uploads\/2023\/10\/drex-real-digital-768x432.jpg 768w, https:\/\/olasoft.com.br\/site\/wp-content\/uploads\/2023\/10\/drex-real-digital.jpg 1200w\" sizes=\"auto, (max-width: 1024px) 100vw, 1024px\" \/>   <\/a>\n<\/div>\n\t\t\t\t\t<div class=\"col-padding col-padding-xs\">\n\t\t\t\t\t\t<h3 class=\"post-title space-bottom-small\">\n\t\t\t\t\t\t\t<a href=\"https:\/\/olasoft.com.br\/site\/drex-saiba-tudo-sobre-a-moeda-digital-nacional\/\" rel=\"bookmark\">\n\t\t\t\t\t\t\t\tDrex: saiba tudo sobre a moeda digital nacional\t\t\t\t\t\t\t<\/a>\n\t\t\t\t\t\t<\/h3>\n\t\t\t\t\t\t<p>As inova\u00e7\u00f5es financeiras do Brasil ganharam ainda mais f\u00f4lego. Depois do Pix e do Open Finance, o\u00a0Drex\u00a0\u2013 a nova moeda digital brasileira \u2013 est\u00e1 em fase de testes e deve[&hellip;]<\/p>\n\t\t\t\t\t\t<a class=\"read-more link\" href=\"https:\/\/olasoft.com.br\/site\/drex-saiba-tudo-sobre-a-moeda-digital-nacional\/\">\n\t\t\t\t\t\t\tRead more\t\t\t\t\t\t<\/a>\n\t\t\t\t\t<\/div>\n\t\t\t\t<\/div>\n\t\t\t<\/div>\n\t\t\t\t\t\t<div id=\"post-174\" class=\"col-sm-6 col-md-4 space-bottom space-bottom-xs\">\n\t\t\t\t<div class=\"post-content card y-move bordered\">\n\t\t\t\t\t<div class=\"post-thumbnail\">\n   <a href=\"https:\/\/olasoft.com.br\/site\/descumprir-lei-geral-de-protecao-de-dados-pode-gerar-punicao\/\" class=\"post-list-item-thumb \">\n      <img loading=\"lazy\" decoding=\"async\" width=\"1024\" height=\"698\" src=\"https:\/\/olasoft.com.br\/site\/wp-content\/uploads\/2023\/05\/Depositphotos_432113266_L.jpg\" class=\"attachment-post-thumbnail size-post-thumbnail wp-post-image\" alt=\"\" srcset=\"https:\/\/olasoft.com.br\/site\/wp-content\/uploads\/2023\/05\/Depositphotos_432113266_L.jpg 2000w, https:\/\/olasoft.com.br\/site\/wp-content\/uploads\/2023\/05\/Depositphotos_432113266_L-300x205.jpg 300w\" sizes=\"auto, (max-width: 1024px) 100vw, 1024px\" \/>   <\/a>\n<\/div>\n\t\t\t\t\t<div class=\"col-padding col-padding-xs\">\n\t\t\t\t\t\t<h3 class=\"post-title space-bottom-small\">\n\t\t\t\t\t\t\t<a href=\"https:\/\/olasoft.com.br\/site\/descumprir-lei-geral-de-protecao-de-dados-pode-gerar-punicao\/\" rel=\"bookmark\">\n\t\t\t\t\t\t\t\tDescumprir Lei Geral de Prote\u00e7\u00e3o de Dados pode gerar puni\u00e7\u00e3o\t\t\t\t\t\t\t<\/a>\n\t\t\t\t\t\t<\/h3>\n\t\t\t\t\t\t<p>Entre as san\u00e7\u00f5es est\u00e3o advert\u00eancia, multa e bloqueio de dados violados. Segundo especialistas, por\u00e9m, execu\u00e7\u00e3o da fiscaliza\u00e7\u00e3o ainda depende de publica\u00e7\u00e3o de regulamento sobre o tema. Quem desrespeitar a Lei[&hellip;]<\/p>\n\t\t\t\t\t\t<a class=\"read-more link\" href=\"https:\/\/olasoft.com.br\/site\/descumprir-lei-geral-de-protecao-de-dados-pode-gerar-punicao\/\">\n\t\t\t\t\t\t\tRead more\t\t\t\t\t\t<\/a>\n\t\t\t\t\t<\/div>\n\t\t\t\t<\/div>\n\t\t\t<\/div>\n\t\t\t\t\t\t<div id=\"post-171\" class=\"col-sm-6 col-md-4 space-bottom space-bottom-xs\">\n\t\t\t\t<div class=\"post-content card y-move bordered\">\n\t\t\t\t\t<div class=\"post-thumbnail\">\n   <a href=\"https:\/\/olasoft.com.br\/site\/o-que-sao-cookies-e-por-que-avisos-de-permissao-em-sites-estao-aparecendo-com-mais-frequencia\/\" class=\"post-list-item-thumb \">\n      <img loading=\"lazy\" decoding=\"async\" width=\"1024\" height=\"684\" src=\"https:\/\/olasoft.com.br\/site\/wp-content\/uploads\/2023\/05\/Depositphotos_357619658_XL-Copia.jpg\" class=\"attachment-post-thumbnail size-post-thumbnail wp-post-image\" alt=\"\" srcset=\"https:\/\/olasoft.com.br\/site\/wp-content\/uploads\/2023\/05\/Depositphotos_357619658_XL-Copia.jpg 1766w, https:\/\/olasoft.com.br\/site\/wp-content\/uploads\/2023\/05\/Depositphotos_357619658_XL-Copia-300x200.jpg 300w, https:\/\/olasoft.com.br\/site\/wp-content\/uploads\/2023\/05\/Depositphotos_357619658_XL-Copia-1024x684.jpg 1024w\" sizes=\"auto, (max-width: 1024px) 100vw, 1024px\" \/>   <\/a>\n<\/div>\n\t\t\t\t\t<div class=\"col-padding col-padding-xs\">\n\t\t\t\t\t\t<h3 class=\"post-title space-bottom-small\">\n\t\t\t\t\t\t\t<a href=\"https:\/\/olasoft.com.br\/site\/o-que-sao-cookies-e-por-que-avisos-de-permissao-em-sites-estao-aparecendo-com-mais-frequencia\/\" rel=\"bookmark\">\n\t\t\t\t\t\t\t\tO que s\u00e3o cookies? E por que avisos de permiss\u00e3o em sites est\u00e3o aparecendo com mais frequ\u00eancia?\t\t\t\t\t\t\t<\/a>\n\t\t\t\t\t\t<\/h3>\n\t\t\t\t\t\t<p>Janelas na internet pedindo consentimento para coletar informa\u00e7\u00f5es do usu\u00e1rio s\u00e3o consequ\u00eancia da Lei Geral de Prote\u00e7\u00e3o de Dados &#8220;Nosso site utiliza cookies para melhorar a navega\u00e7\u00e3o&#8221;, &#8220;Ao continuar navegando[&hellip;]<\/p>\n\t\t\t\t\t\t<a class=\"read-more link\" href=\"https:\/\/olasoft.com.br\/site\/o-que-sao-cookies-e-por-que-avisos-de-permissao-em-sites-estao-aparecendo-com-mais-frequencia\/\">\n\t\t\t\t\t\t\tRead more\t\t\t\t\t\t<\/a>\n\t\t\t\t\t<\/div>\n\t\t\t\t<\/div>\n\t\t\t<\/div>\n\t\t\t\t<\/div>\n\t<\/div><\/div> <div  class=\"row\"><div  class=\"text-center\"> <a  class=\"button color1\" data-attr-shortcode=\"href:mesmerize_blog_link\" href=\"https:\/\/olasoft.com.br\/site\/news\/\">VER TODAS AS NEWS<\/a><\/div> <\/div><\/div><\/div><div  id=\"contact-1\" data-label=\"Contact\" data-id=\"contact-1\" data-export-id=\"contact-1\" data-category=\"contact\" class=\"contact-1 content-section content-section-spacing white-text\" data-parallax-depth=\"20\" style=\"background-image: url(&quot;https:\/\/olasoft.com.br\/site\/wp-content\/uploads\/2023\/02\/administrar-o-dinheiro-870x450-1.jpg&quot;); background-size: cover; background-position: center top;\"><div  class=\"gridContainer\"> <div  class=\"row text-center\"><div  class=\"section-title-col\" data-type=\"column\"> <h2  class=\"\">Contato<\/h2> <p  class=\"lead\">Clique no bot\u00e3o e fale agora com um especialista.<\/p><a  class=\"button blue\" href=\"mailto:comercial.24@olasoft.com.br?subject=Quero%20or%C3%A7amento&amp;body=Ola%20preciso%20fazer%20cota%C3%A7%C3%A3o%20para%20minha%20empresa%20site%20e%20aplicativo%20de%20BasS%20e%20Criptoativos..\" target=\"_self\" data-cp-link=\"1\" rel=\"noopener\">FALAR AGORA COM ESPECIALISTA<\/a><\/div> <\/div> <div  class=\"row text-center\"> <div  class=\"col-xs-12 col-sm-8 col-sm-offset-2 contact-form-wrapper inline-info\"> <div  class=\"card large-padding\"> <div  class=\"\" data-content-shortcode=\"mesmerize_contact_form\" data-editable=\"true\"><p style=\"text-align:center;color:#ababab\">Contact form will be displayed here. To activate it you have to set the \"contact form shortcode\" parameter in Customizer.<\/p><\/div><\/div> <\/div><\/div> <\/div><\/div>","protected":false},"excerpt":{"rendered":"<p>BAAS &amp; CAAS Nossa tecnologia de Banking as a Service e Credit as a Service vai fazer de sua empresa uma fintech de sucesso oferecendo diversos servi\u00e7os banc\u00e1rios, como: Contas digitais, cart\u00e3o de cr\u00e9dito e maquininhas de cart\u00e3o. DELIVERY E FIDELIDADE Reduza custos com plataformas de delivery coletivo. Criamos seu proprio aplicativo de delivery para&hellip; <br \/> <a class=\"read-more\" href=\"https:\/\/olasoft.com.br\/site\/o-que-sao-cookies-e-por-que-avisos-de-permissao-em-sites-estao-aparecendo-com-mais-frequencia\/\">Leia mais<\/a><\/p>\n","protected":false},"author":1,"featured_media":0,"parent":0,"menu_order":0,"comment_status":"closed","ping_status":"closed","template":"page-templates\/homepage.php","meta":{"footnotes":""},"class_list":["post-5","page","type-page","status-publish","hentry"],"_links":{"self":[{"href":"https:\/\/olasoft.com.br\/site\/wp-json\/wp\/v2\/pages\/5","targetHints":{"allow":["GET"]}}],"collection":[{"href":"https:\/\/olasoft.com.br\/site\/wp-json\/wp\/v2\/pages"}],"about":[{"href":"https:\/\/olasoft.com.br\/site\/wp-json\/wp\/v2\/types\/page"}],"author":[{"embeddable":true,"href":"https:\/\/olasoft.com.br\/site\/wp-json\/wp\/v2\/users\/1"}],"replies":[{"embeddable":true,"href":"https:\/\/olasoft.com.br\/site\/wp-json\/wp\/v2\/comments?post=5"}],"version-history":[{"count":34,"href":"https:\/\/olasoft.com.br\/site\/wp-json\/wp\/v2\/pages\/5\/revisions"}],"predecessor-version":[{"id":198,"href":"https:\/\/olasoft.com.br\/site\/wp-json\/wp\/v2\/pages\/5\/revisions\/198"}],"wp:attachment":[{"href":"https:\/\/olasoft.com.br\/site\/wp-json\/wp\/v2\/media?parent=5"}],"curies":[{"name":"wp","href":"https:\/\/api.w.org\/{rel}","templated":true}]}}